{"id":239,"date":"2023-03-25T04:01:49","date_gmt":"2023-03-25T04:01:49","guid":{"rendered":"https:\/\/cozystay.loftocean.com\/mountain-chalet\/?page_id=239"},"modified":"2026-02-17T16:30:47","modified_gmt":"2026-02-17T15:30:47","slug":"angebote","status":"publish","type":"page","link":"https:\/\/weinhaus-graefen.de\/en\/angebote\/","title":{"rendered":"Offers"},"content":{"rendered":"<div data-elementor-type=\"wp-page\" data-elementor-id=\"239\" class=\"elementor elementor-239\" data-elementor-post-type=\"page\">\n\t\t\t\t\t\t<section class=\"elementor-section elementor-top-section elementor-element elementor-element-4806ec9d elementor-section-height-min-height cs-section-content-fullwidth cs-parallax-on-scroll cs_scroll_y_80 elementor-section-boxed elementor-section-height-default elementor-section-items-middle\" data-id=\"4806ec9d\" data-element_type=\"section\" data-e-type=\"section\" data-settings=\"{&quot;background_background&quot;:&quot;classic&quot;}\" data-cs-parallax-y=\"80\" style=\"background-image: none;\" data-cs-background-image=\"https:\/\/weinhaus-graefen.de\/wp-content\/uploads\/2024\/04\/FFO_0525_angebote.jpg\" data-cs-background-image-alt-text=\"Unser Haus\">\n\t\t\t\t\t\t\t<div class=\"elementor-background-overlay\"><\/div>\n\t\t\t\t\t\t\t<div class=\"elementor-container elementor-column-gap-no\">\n\t\t\t\t\t<div class=\"elementor-column elementor-col-100 elementor-top-column elementor-element elementor-element-6d5df862 dark-color\" data-id=\"6d5df862\" data-element_type=\"column\" data-e-type=\"column\">\n\t\t\t<div class=\"elementor-widget-wrap elementor-element-populated\">\n\t\t\t\t\t\t<div class=\"elementor-element elementor-element-745549e7 elementor-widget elementor-widget-cs_title\" data-id=\"745549e7\" data-element_type=\"widget\" data-e-type=\"widget\" data-widget_type=\"cs_title.default\">\n\t\t\t\t<div class=\"elementor-widget-container\">\n\t\t\t\t\t\n        <div class=\"cs-title-wrap text-center\">\t            <div class=\"cs-subtitle-wrap\"><span class=\"cs-subtitle color-white\">Weinhaus Gr\u00e4fen<\/span><\/div>\t            <h1 class=\"cs-title\">\n\t                Offers\t            <\/h1>\t            <div class=\"cs-title-text\">\n\t                <p>A tailor-made list, always in line with the spirit of the Weinhaus Gr\u00e4fen.<\/p>\t            <\/div>        <\/div>\t\t\t\t<\/div>\n\t\t\t\t<\/div>\n\t\t\t\t\t<\/div>\n\t\t<\/div>\n\t\t\t\t\t<\/div>\n\t\t<\/section>\n\t\t\t\t<section class=\"elementor-section elementor-top-section elementor-element elementor-element-633d305a elementor-section-boxed elementor-section-height-default elementor-section-height-default\" data-id=\"633d305a\" data-element_type=\"section\" data-e-type=\"section\" data-settings=\"{&quot;background_background&quot;:&quot;classic&quot;}\">\n\t\t\t\t\t\t<div class=\"elementor-container elementor-column-gap-no\">\n\t\t\t\t\t<div class=\"elementor-column elementor-col-100 elementor-top-column elementor-element elementor-element-5e8fe3f2\" data-id=\"5e8fe3f2\" data-element_type=\"column\" data-e-type=\"column\">\n\t\t\t<div class=\"elementor-widget-wrap elementor-element-populated\">\n\t\t\t\t\t\t<div class=\"elementor-element elementor-element-571e5775 elementor-widget elementor-widget-cs_title\" data-id=\"571e5775\" data-element_type=\"widget\" data-e-type=\"widget\" data-widget_type=\"cs_title.default\">\n\t\t\t\t<div class=\"elementor-widget-container\">\n\t\t\t\t\t\n        <div class=\"cs-title-wrap text-center\">\t            <h6 class=\"cs-title\">\n\t                In keeping with the spirit of Weinhaus Gr\u00e4fen\t            <\/h6>\t            <div class=\"cs-title-text\">\n\t                <p>Welcome to our tailor-made offers, which always reflect the unique spirit of our house. Discover the variety of our recommendations and offers while you relax at Weinhaus Gr\u00e4fen. Make your stay in Cochem an unforgettable and authentic moment.<\/p>\t            <\/div>        <\/div>\t\t\t\t<\/div>\n\t\t\t\t<\/div>\n\t\t\t\t\t<\/div>\n\t\t<\/div>\n\t\t\t\t\t<\/div>\n\t\t<\/section>\n\t\t\t\t<section class=\"elementor-section elementor-top-section elementor-element elementor-element-3f7b6827 cs-section-content-fullwidth elementor-section-boxed elementor-section-height-default elementor-section-height-default\" data-id=\"3f7b6827\" data-element_type=\"section\" data-e-type=\"section\" data-settings=\"{&quot;background_background&quot;:&quot;classic&quot;}\">\n\t\t\t\t\t\t<div class=\"elementor-container elementor-column-gap-no\">\n\t\t\t\t\t<div class=\"elementor-column elementor-col-50 elementor-top-column elementor-element elementor-element-68253af\" data-id=\"68253af\" data-element_type=\"column\" data-e-type=\"column\">\n\t\t\t<div class=\"elementor-widget-wrap elementor-element-populated\">\n\t\t\t\t\t\t<div class=\"elementor-element elementor-element-d97b1d8 elementor-widget elementor-widget-cs_call_to_action\" data-id=\"d97b1d8\" data-element_type=\"widget\" data-e-type=\"widget\" data-settings=\"{&quot;overlay_background&quot;:&quot;gradient&quot;}\" data-widget_type=\"cs_call_to_action.default\">\n\t\t\t\t<div class=\"elementor-widget-container\">\n\t\t\t\t\t\n\t\t<div class=\"cs-cta cta-layout-text-overlap content-bottom with-inner-border dark-color text-left cta-hover-img-zoom\">\n            <div class=\"cs-cta-wrap\">\t\t               \t<div class=\"cs-cta-img\">\n\t\t                    <img fetchpriority=\"high\" decoding=\"async\" width=\"600\" height=\"391\" src=\"https:\/\/weinhaus-graefen.de\/wp-content\/uploads\/2024\/04\/cochem-600x391.jpg\" class=\"attachment-cozystay_600x9999 size-cozystay_600x9999 wp-image-2489\" alt=\"Cochem\" srcset=\"https:\/\/weinhaus-graefen.de\/wp-content\/uploads\/2024\/04\/cochem-600x391.jpg 600w, https:\/\/weinhaus-graefen.de\/wp-content\/uploads\/2024\/04\/cochem-300x196.jpg 300w, https:\/\/weinhaus-graefen.de\/wp-content\/uploads\/2024\/04\/cochem-1024x668.jpg 1024w, https:\/\/weinhaus-graefen.de\/wp-content\/uploads\/2024\/04\/cochem-768x501.jpg 768w, https:\/\/weinhaus-graefen.de\/wp-content\/uploads\/2024\/04\/cochem-1536x1002.jpg 1536w, https:\/\/weinhaus-graefen.de\/wp-content\/uploads\/2024\/04\/cochem-18x12.jpg 18w, https:\/\/weinhaus-graefen.de\/wp-content\/uploads\/2024\/04\/cochem-1440x939.jpg 1440w, https:\/\/weinhaus-graefen.de\/wp-content\/uploads\/2024\/04\/cochem-1200x783.jpg 1200w, https:\/\/weinhaus-graefen.de\/wp-content\/uploads\/2024\/04\/cochem-780x509.jpg 780w, https:\/\/weinhaus-graefen.de\/wp-content\/uploads\/2024\/04\/cochem-550x359.jpg 550w, https:\/\/weinhaus-graefen.de\/wp-content\/uploads\/2024\/04\/cochem-370x241.jpg 370w, https:\/\/weinhaus-graefen.de\/wp-content\/uploads\/2024\/04\/cochem-255x166.jpg 255w, https:\/\/weinhaus-graefen.de\/wp-content\/uploads\/2024\/04\/cochem.jpg 1920w\" sizes=\"(max-width: 600px) 100vw, 600px\" \/>\t\t                <\/div>                <div class=\"cs-cta-overlay\"><\/div>                \t<div class=\"cs-cta-label label-top-left\">\n\t\t\t\t\t   <div class=\"cs-cta-label-text\">560 \u20ac \/ price for a double room<\/div>\n\t\t\t\t\t<\/div>\n                <div class=\"cs-cta-content\">\t\t\t\t\t<div class=\"cs-subtitle-wrap\"><span class=\"cs-subtitle color-white\">Stay for 5 nights \u2013 pay for 4 nights<\/span><\/div>\t\t            <h6 class=\"cs-cta-title cs-title\">\n\t\t                Juli-Oktober\t\t            <\/h6>\t\t\t<\/div>            <\/div>\n        <\/div>\t\t\t\t<\/div>\n\t\t\t\t<\/div>\n\t\t\t\t\t<\/div>\n\t\t<\/div>\n\t\t\t\t<div class=\"elementor-column elementor-col-50 elementor-top-column elementor-element elementor-element-174450f\" data-id=\"174450f\" data-element_type=\"column\" data-e-type=\"column\">\n\t\t\t<div class=\"elementor-widget-wrap elementor-element-populated\">\n\t\t\t\t\t\t<div class=\"elementor-element elementor-element-137bed7d elementor-widget elementor-widget-cs_title\" data-id=\"137bed7d\" data-element_type=\"widget\" data-e-type=\"widget\" data-widget_type=\"cs_title.default\">\n\t\t\t\t<div class=\"elementor-widget-container\">\n\t\t\t\t\t\n        <div class=\"cs-title-wrap\">\t            <div class=\"cs-subtitle-wrap\"><span class=\"cs-subtitle\">July-October special<\/span><\/div>\t            <h6 class=\"cs-title\">\n\t                Discover the Moselle: Stay for 5 nights \u2013 pay for 4 nights\t            <\/h6>\t            <div class=\"cs-title-text\">\n\t                <p>Experience 5 unforgettable days in our idyllic surroundings on the Moselle, immerse yourself in the charming ambience of the Moselle town and explore its historic old town and fascinating remnants from the Middle Ages. This offer includes a 5-day Moselle holiday for 2 people in a double room with private bathroom and toilet, including a delicious breakfast every morning. Arrival is on Sundays, departure on Fridays. Take advantage of this opportunity to discover the beauty of the Moselle and experience an unforgettable stay with us at Weinhaus Gr\u00e4fen.<\/p><p>Price for a double room: \u20ac560<\/p>\t            <\/div>                <div class=\"cs-title-btn\">\n                    <a class=\"button elementor-button-link cs-btn-underline\" role=\"button\" href=\"https:\/\/weinhaus-graefen.de\/en\/kontakt\/\">\n                        <span class=\"cs-btn-text\">Contact<\/span>                    <\/a>\n                <\/div>\n                    <\/div>\t\t\t\t<\/div>\n\t\t\t\t<\/div>\n\t\t\t\t\t<\/div>\n\t\t<\/div>\n\t\t\t\t\t<\/div>\n\t\t<\/section>\n\t\t\t\t<section class=\"elementor-section elementor-top-section elementor-element elementor-element-6e824f75 cs-section-content-fullwidth elementor-reverse-tablet elementor-reverse-mobile elementor-section-boxed elementor-section-height-default elementor-section-height-default\" data-id=\"6e824f75\" data-element_type=\"section\" data-e-type=\"section\" data-settings=\"{&quot;background_background&quot;:&quot;classic&quot;}\">\n\t\t\t\t\t\t<div class=\"elementor-container elementor-column-gap-no\">\n\t\t\t\t\t<div class=\"elementor-column elementor-col-50 elementor-top-column elementor-element elementor-element-61f98533\" data-id=\"61f98533\" data-element_type=\"column\" data-e-type=\"column\">\n\t\t\t<div class=\"elementor-widget-wrap elementor-element-populated\">\n\t\t\t\t\t\t<div class=\"elementor-element elementor-element-3dc6ffc2 elementor-widget elementor-widget-cs_title\" data-id=\"3dc6ffc2\" data-element_type=\"widget\" data-e-type=\"widget\" data-widget_type=\"cs_title.default\">\n\t\t\t\t<div class=\"elementor-widget-container\">\n\t\t\t\t\t\n        <div class=\"cs-title-wrap text-right text-left-tablet\">\t            <div class=\"cs-subtitle-wrap\"><span class=\"cs-subtitle\">Autumn special: Federwei\u00dferfest<\/span><\/div>\t            <h6 class=\"cs-title\">\n\t                Feiern Sie das Federwei\u00dferfest vom 30.10.2026 bis 31.10.2026 und vom 06.11.2026 bis 08.11.2026\t            <\/h6>\t            <div class=\"cs-title-text\">\n\t                <p>Experience the famous Federwei\u00dfer festival in the Weinhaus Gr\u00e4fen! Celebrate in our marquee and taste the delicious Federwei\u00dfen. Start your day with a carefully selected breakfast and treat yourself to our regional 3-course menu in the afternoon.<\/p><p>\u2013 1 Glas Federwei\u00dfer<br \/>\u2013 2 \u00dcbernachtungen mit Fr\u00fchst\u00fcck<br \/>\u2013 1 Mal regionales 3-Gang-Men\u00fc<\/p><p>Preis: 170\u20ac pro Person<\/p>\t            <\/div>                <div class=\"cs-title-btn\">\n                    <a class=\"button elementor-button-link cs-btn-underline\" role=\"button\" href=\"https:\/\/weinhaus-graefen.de\/en\/kontakt\/\">\n                        <span class=\"cs-btn-text\">Contact<\/span>                    <\/a>\n                <\/div>\n                    <\/div>\t\t\t\t<\/div>\n\t\t\t\t<\/div>\n\t\t\t\t\t<\/div>\n\t\t<\/div>\n\t\t\t\t<div class=\"elementor-column elementor-col-50 elementor-top-column elementor-element elementor-element-715053b2\" data-id=\"715053b2\" data-element_type=\"column\" data-e-type=\"column\">\n\t\t\t<div class=\"elementor-widget-wrap elementor-element-populated\">\n\t\t\t\t\t\t<div class=\"elementor-element elementor-element-af06703 elementor-widget elementor-widget-cs_call_to_action\" data-id=\"af06703\" data-element_type=\"widget\" data-e-type=\"widget\" data-settings=\"{&quot;overlay_background&quot;:&quot;gradient&quot;}\" data-widget_type=\"cs_call_to_action.default\">\n\t\t\t\t<div class=\"elementor-widget-container\">\n\t\t\t\t\t\n\t\t<div class=\"cs-cta cta-layout-text-overlap content-bottom with-inner-border dark-color text-left cta-hover-img-zoom\">\n            <div class=\"cs-cta-wrap\">\t\t               \t<div class=\"cs-cta-img\">\n\t\t                    <img decoding=\"async\" width=\"600\" height=\"400\" data-src=\"https:\/\/weinhaus-graefen.de\/wp-content\/uploads\/2024\/04\/cochem_2-600x400.jpg\" class=\"attachment-cozystay_600x9999 size-cozystay_600x9999 wp-image-2497 lazyload\" alt=\"Cochem\" data-srcset=\"https:\/\/weinhaus-graefen.de\/wp-content\/uploads\/2024\/04\/cochem_2-600x400.jpg 600w, https:\/\/weinhaus-graefen.de\/wp-content\/uploads\/2024\/04\/cochem_2-300x200.jpg 300w, https:\/\/weinhaus-graefen.de\/wp-content\/uploads\/2024\/04\/cochem_2-768x512.jpg 768w, https:\/\/weinhaus-graefen.de\/wp-content\/uploads\/2024\/04\/cochem_2-18x12.jpg 18w, https:\/\/weinhaus-graefen.de\/wp-content\/uploads\/2024\/04\/cochem_2-780x520.jpg 780w, https:\/\/weinhaus-graefen.de\/wp-content\/uploads\/2024\/04\/cochem_2-550x367.jpg 550w, https:\/\/weinhaus-graefen.de\/wp-content\/uploads\/2024\/04\/cochem_2-370x247.jpg 370w, https:\/\/weinhaus-graefen.de\/wp-content\/uploads\/2024\/04\/cochem_2-255x170.jpg 255w, https:\/\/weinhaus-graefen.de\/wp-content\/uploads\/2024\/04\/cochem_2.jpg 1000w\" data-sizes=\"(max-width: 600px) 100vw, 600px\" src=\"data:image\/svg+xml;base64,PHN2ZyB3aWR0aD0iMSIgaGVpZ2h0PSIxIiB4bWxucz0iaHR0cDovL3d3dy53My5vcmcvMjAwMC9zdmciPjwvc3ZnPg==\" style=\"--smush-placeholder-width: 600px; --smush-placeholder-aspect-ratio: 600\/400;\" \/>\t\t                <\/div>                <div class=\"cs-cta-overlay\"><\/div>                \t<div class=\"cs-cta-label label-top-left\">\n\t\t\t\t\t   <div class=\"cs-cta-label-text\">170 \u20ac \/ pro Person<\/div>\n\t\t\t\t\t<\/div>\n                <div class=\"cs-cta-content\">\t\t\t\t\t<div class=\"cs-subtitle-wrap\"><span class=\"cs-subtitle color-white\">Federwei\u00dferfest<\/span><\/div>\t\t            <h6 class=\"cs-cta-title cs-title\">\n\t\t                Autumn special \t\t            <\/h6>\t\t\t<\/div>            <\/div>\n        <\/div>\t\t\t\t<\/div>\n\t\t\t\t<\/div>\n\t\t\t\t\t<\/div>\n\t\t<\/div>\n\t\t\t\t\t<\/div>\n\t\t<\/section>\n\t\t\t\t<\/div>","protected":false},"excerpt":{"rendered":"<p>Weinhaus Gr\u00e4fen Angebote Eine ma\u00dfgeschneiderte Liste, immer im Einklang mit dem Geist des Weinhauses Gr\u00e4fen. Im Einklang mit dem Geist des Weinhaus Gr\u00e4fen Willkommen bei unseren ma\u00dfgeschneiderten Angeboten, die stets den einzigartigen Geist unseres Hauses widerspiegeln. Entdecken Sie die Vielfalt unserer Empfehlungen und Angebote, w\u00e4hrend Sie sich im Weinhaus Gr\u00e4fen entspannen. Lassen Sie Ihren Aufenthalt &#8230;<\/p>","protected":false},"author":1,"featured_media":0,"parent":0,"menu_order":0,"comment_status":"closed","ping_status":"closed","template":"template-wide-content.php","meta":{"cozystay_single_page_hide_site_header":"","cozystay_single_page_site_header_source":"","cozystay_single_page_custom_site_header":"0","cozystay_single_page_custom_sticky_site_header":"0","cozystay_single_page_hide_page_title":"on","cozystay_single_page_header_section_size":"","cozystay_single_page_header_background_color":"","cozystay_single_page_header_background_position_x":"center","cozystay_single_page_header_background_position_y":"center","cozystay_single_page_header_background_size":"cover","cozystay_single_page_header_background_repeat":"off","cozystay_single_page_header_background_scroll":"on","cozystay_single_page_header_text_color":"","cozystay_single_page_header_show_breadcrumb":"","cozystay_single_page_site_footer_hide_main":"","cozystay_single_custom_site_footer_main_source":"","cozystay_single_custom_site_footer_main":"0","cozystay_single_page_site_footer_hide_above":"","cozystay_single_custom_site_footer_above_source":"","cozystay_single_custom_site_footer_above":"0","cozystay_single_page_site_footer_hide_instagram":"","cozystay_single_page_site_footer_hide_bottom":"","cozystay_single_custom_mobile_menu_source":"","cozystay_single_custom_mobile_menu":"0","cozystay_single_custom_mobile_menu_animation":"","cozystay_single_custom_mobile_menu_width":"","cozystay_single_custom_mobile_menu_custom_width":375,"footnotes":""},"class_list":["post-239","page","type-page","status-publish","hentry"],"_links":{"self":[{"href":"https:\/\/weinhaus-graefen.de\/en\/wp-json\/wp\/v2\/pages\/239","targetHints":{"allow":["GET"]}}],"collection":[{"href":"https:\/\/weinhaus-graefen.de\/en\/wp-json\/wp\/v2\/pages"}],"about":[{"href":"https:\/\/weinhaus-graefen.de\/en\/wp-json\/wp\/v2\/types\/page"}],"author":[{"embeddable":true,"href":"https:\/\/weinhaus-graefen.de\/en\/wp-json\/wp\/v2\/users\/1"}],"replies":[{"embeddable":true,"href":"https:\/\/weinhaus-graefen.de\/en\/wp-json\/wp\/v2\/comments?post=239"}],"version-history":[{"count":18,"href":"https:\/\/weinhaus-graefen.de\/en\/wp-json\/wp\/v2\/pages\/239\/revisions"}],"predecessor-version":[{"id":2858,"href":"https:\/\/weinhaus-graefen.de\/en\/wp-json\/wp\/v2\/pages\/239\/revisions\/2858"}],"wp:attachment":[{"href":"https:\/\/weinhaus-graefen.de\/en\/wp-json\/wp\/v2\/media?parent=239"}],"curies":[{"name":"wp","href":"https:\/\/api.w.org\/{rel}","templated":true}]}}