{"id":398,"date":"2023-03-26T07:52:14","date_gmt":"2023-03-26T07:52:14","guid":{"rendered":"https:\/\/cozystay.loftocean.com\/mountain-chalet\/?page_id=398"},"modified":"2024-04-19T12:39:58","modified_gmt":"2024-04-19T10:39:58","slug":"blog","status":"publish","type":"page","link":"https:\/\/weinhaus-graefen.de\/en\/blog\/","title":{"rendered":"Blog"},"content":{"rendered":"\t\t<div data-elementor-type=\"wp-page\" data-elementor-id=\"398\" class=\"elementor elementor-398\" data-elementor-post-type=\"page\">\n\t\t\t\t\t\t<section class=\"elementor-section elementor-top-section elementor-element elementor-element-2a9d854c elementor-section-height-min-height cs-section-content-fullwidth cs-parallax-on-scroll cs_scroll_y_80 elementor-section-boxed elementor-section-height-default elementor-section-items-middle\" data-id=\"2a9d854c\" data-element_type=\"section\" data-e-type=\"section\" data-settings=\"{&quot;background_background&quot;:&quot;classic&quot;}\" data-cs-parallax-y=\"80\" style=\"background-image: none;\" data-cs-background-image=\"https:\/\/weinhaus-graefen.de\/wp-content\/uploads\/2023\/03\/cochem_footer.jpg\" data-cs-background-image-alt-text=\"Cochem\">\n\t\t\t\t\t\t\t<div class=\"elementor-background-overlay\"><\/div>\n\t\t\t\t\t\t\t<div class=\"elementor-container elementor-column-gap-no\">\n\t\t\t\t\t<div class=\"elementor-column elementor-col-100 elementor-top-column elementor-element elementor-element-4b4e1896 dark-color\" data-id=\"4b4e1896\" data-element_type=\"column\" data-e-type=\"column\">\n\t\t\t<div class=\"elementor-widget-wrap elementor-element-populated\">\n\t\t\t\t\t\t<div class=\"elementor-element elementor-element-2f2ccf9f elementor-widget elementor-widget-cs_title\" data-id=\"2f2ccf9f\" data-element_type=\"widget\" data-e-type=\"widget\" data-widget_type=\"cs_title.default\">\n\t\t\t\t<div class=\"elementor-widget-container\">\n\t\t\t\t\t\n        <div class=\"cs-title-wrap text-center\">\t            <div class=\"cs-subtitle-wrap\"><span class=\"cs-subtitle color-white\">Neuigkeiten und Veranstaltungen<\/span><\/div>\t            <h1 class=\"cs-title\">\n\t                Unser Blog\t            <\/h1>        <\/div>\t\t\t\t<\/div>\n\t\t\t\t<\/div>\n\t\t\t\t\t<\/div>\n\t\t<\/div>\n\t\t\t\t\t<\/div>\n\t\t<\/section>\n\t\t\t\t<section class=\"elementor-section elementor-top-section elementor-element elementor-element-94861f4 elementor-section-boxed elementor-section-height-default elementor-section-height-default\" data-id=\"94861f4\" data-element_type=\"section\" data-e-type=\"section\">\n\t\t\t\t\t\t<div class=\"elementor-container elementor-column-gap-no\">\n\t\t\t\t\t<div class=\"elementor-column elementor-col-100 elementor-top-column elementor-element elementor-element-a3e7b67\" data-id=\"a3e7b67\" data-element_type=\"column\" data-e-type=\"column\">\n\t\t\t<div class=\"elementor-widget-wrap elementor-element-populated\">\n\t\t\t\t\t\t<div class=\"elementor-element elementor-element-1ad965c elementor-widget elementor-widget-cs_blog\" data-id=\"1ad965c\" data-element_type=\"widget\" data-e-type=\"widget\" data-widget_type=\"cs_blog.default\">\n\t\t\t\t<div class=\"elementor-widget-container\">\n\t\t\t\t\t\t\t\t\t<div class=\"posts layout-grid column-2 img-ratio-3-2\" data-settings='{\"query\":{\"paged\":1,\"posts_per_page\":9,\"ignore_sticky_posts\":true,\"post_type\":\"post\",\"post_status\":\"publish\"},\"settings\":{\"layout\":\"grid\",\"columns\":\"2\",\"post_meta\":[\"excerpt\",\"read_more_btn\",\"category\",\"date\"],\"page_layout\":\"\",\"pagination\":\"ajax-manual\",\"archive_page\":\"elementor\"}}'>\n\t\t\t\t\t\t\t\t\t<div class=\"posts-wrapper\">\n<article class=\"post-142 post type-post status-publish format-standard has-post-thumbnail hentry category-freizeit-tipps tag-freizeitzentrum tag-landschaft tag-untermosel\">\n            <div class=\"featured-img\">\n        \t<a href=\"https:\/\/weinhaus-graefen.de\/en\/entspannung-und-wellness\/\"><img fetchpriority=\"high\" decoding=\"async\" width=\"780\" height=\"520\" src=\"https:\/\/weinhaus-graefen.de\/wp-content\/uploads\/2024\/03\/Entspannung-780x520.jpg\" class=\"attachment-cozystay_780x9999 size-cozystay_780x9999 wp-post-image image-layout-grid-column-2\" alt=\"Entspannung\" srcset=\"https:\/\/weinhaus-graefen.de\/wp-content\/uploads\/2024\/03\/Entspannung-780x520.jpg 780w, https:\/\/weinhaus-graefen.de\/wp-content\/uploads\/2024\/03\/Entspannung-300x200.jpg 300w, https:\/\/weinhaus-graefen.de\/wp-content\/uploads\/2024\/03\/Entspannung-768x512.jpg 768w, https:\/\/weinhaus-graefen.de\/wp-content\/uploads\/2024\/03\/Entspannung-600x400.jpg 600w, https:\/\/weinhaus-graefen.de\/wp-content\/uploads\/2024\/03\/Entspannung-550x367.jpg 550w, https:\/\/weinhaus-graefen.de\/wp-content\/uploads\/2024\/03\/Entspannung-370x247.jpg 370w, https:\/\/weinhaus-graefen.de\/wp-content\/uploads\/2024\/03\/Entspannung-255x170.jpg 255w, https:\/\/weinhaus-graefen.de\/wp-content\/uploads\/2024\/03\/Entspannung.jpg 1000w\" sizes=\"(max-width: 780px) 100vw, 780px\" \/><\/a>            <div class=\"overlay-label time-label featured-style\">\n                <div class=\"meta-item time\">\n                    <time class=\"published\" datetime=\"2024-03-16T08:50:29+01:00\">\n                        <span class=\"month\">Mar<\/span> <span class=\"day\">16<\/span>\n                    <\/time>\n                <\/div>\n            <\/div>        <\/div>\n    <div class=\"post-content\">\n        <header class=\"post-header\">            <div class=\"meta-wrap\">\t\t\t<div class=\"cat-links\"><a href=\"https:\/\/weinhaus-graefen.de\/en\/category\/freizeit-tipps\/\" rel=\"tag\">Freizeit-Tipps<\/a><\/div>            <\/div>    <h2 class=\"post-title\">\n        <a href=\"https:\/\/weinhaus-graefen.de\/en\/entspannung-und-wellness\/\">Entspannung und Wellness<\/a>\n    <\/h2>        <\/header>\t\t<div class=\"post-excerpt\"><p>Inmitten der idyllischen Landschaft von Cochem an der Untermosel liegt das Freizeitzentrum, ein Ort der Erholung und Entspannung. Hier k\u00f6nnen Besucher eine Vielzahl von Aktivit\u00e4ten genie\u00dfen, die K\u00f6rper und Geist verw\u00f6hnen.<\/p>\n<\/div>             <footer class=\"post-footer\">        <div class=\"more-btn\">\n            <a class=\"read-more-btn button cs-btn-underline\" href=\"https:\/\/weinhaus-graefen.de\/en\/entspannung-und-wellness\/\"><span>Mehr lesen<\/span><\/a>\n        <\/div>            <\/footer>    <\/div>\n<\/article>\n\t\t\t\t<\/div>\t\t\t\t<\/div>\t\t\t\t<\/div>\n\t\t\t\t<\/div>\n\t\t\t\t\t<\/div>\n\t\t<\/div>\n\t\t\t\t\t<\/div>\n\t\t<\/section>\n\t\t\t\t<\/div>\n\t\t","protected":false},"excerpt":{"rendered":"<p>Neuigkeiten und Veranstaltungen Unser Blog Apr 12 Essen und Trinken Schweinesteak wir freuen uns, Ihnen unser neues Mittagsmen\u00fc vorstellen zu d\u00fcrfen! Ab sofort bieten wir Ihnen t\u00e4glich von 12 bis 14 Uhr ein leckeres Schweinesteak mit w\u00fcrziger Pfefferso\u00dfe und knusprigen Kroketten zum unschlagbaren Preis von nur 8,30\u20ac an. Mehr lesen Mrz 16 Freizeit-Tipps Entspannung und &#8230;<\/p>","protected":false},"author":1,"featured_media":0,"parent":0,"menu_order":0,"comment_status":"closed","ping_status":"closed","template":"template-wide-content.php","meta":{"cozystay_single_page_hide_site_header":"","cozystay_single_page_site_header_source":"","cozystay_single_page_custom_site_header":"0","cozystay_single_page_custom_sticky_site_header":"0","cozystay_single_page_hide_page_title":"on","cozystay_single_page_header_section_size":"","cozystay_single_page_header_background_color":"","cozystay_single_page_header_background_position_x":"center","cozystay_single_page_header_background_position_y":"center","cozystay_single_page_header_background_size":"cover","cozystay_single_page_header_background_repeat":"off","cozystay_single_page_header_background_scroll":"on","cozystay_single_page_header_text_color":"","cozystay_single_page_header_show_breadcrumb":"","cozystay_single_page_site_footer_hide_main":"","cozystay_single_custom_site_footer_main_source":"","cozystay_single_custom_site_footer_main":"0","cozystay_single_page_site_footer_hide_above":"","cozystay_single_custom_site_footer_above_source":"","cozystay_single_custom_site_footer_above":"0","cozystay_single_page_site_footer_hide_instagram":"","cozystay_single_page_site_footer_hide_bottom":"","cozystay_single_custom_mobile_menu_source":"","cozystay_single_custom_mobile_menu":"0","cozystay_single_custom_mobile_menu_animation":"","cozystay_single_custom_mobile_menu_width":"","cozystay_single_custom_mobile_menu_custom_width":375,"footnotes":""},"class_list":["post-398","page","type-page","status-publish","hentry"],"_links":{"self":[{"href":"https:\/\/weinhaus-graefen.de\/en\/wp-json\/wp\/v2\/pages\/398","targetHints":{"allow":["GET"]}}],"collection":[{"href":"https:\/\/weinhaus-graefen.de\/en\/wp-json\/wp\/v2\/pages"}],"about":[{"href":"https:\/\/weinhaus-graefen.de\/en\/wp-json\/wp\/v2\/types\/page"}],"author":[{"embeddable":true,"href":"https:\/\/weinhaus-graefen.de\/en\/wp-json\/wp\/v2\/users\/1"}],"replies":[{"embeddable":true,"href":"https:\/\/weinhaus-graefen.de\/en\/wp-json\/wp\/v2\/comments?post=398"}],"version-history":[{"count":4,"href":"https:\/\/weinhaus-graefen.de\/en\/wp-json\/wp\/v2\/pages\/398\/revisions"}],"predecessor-version":[{"id":2708,"href":"https:\/\/weinhaus-graefen.de\/en\/wp-json\/wp\/v2\/pages\/398\/revisions\/2708"}],"wp:attachment":[{"href":"https:\/\/weinhaus-graefen.de\/en\/wp-json\/wp\/v2\/media?parent=398"}],"curies":[{"name":"wp","href":"https:\/\/api.w.org\/{rel}","templated":true}]}}