{"id":67,"date":"2024-03-24T06:53:00","date_gmt":"2024-03-24T05:53:00","guid":{"rendered":"https:\/\/cozystay.loftocean.com\/mountain-chalet\/?page_id=67"},"modified":"2026-03-26T15:43:48","modified_gmt":"2026-03-26T14:43:48","slug":"zimmer","status":"publish","type":"page","link":"https:\/\/weinhaus-graefen.de\/en\/zimmer\/","title":{"rendered":"Room"},"content":{"rendered":"<div data-elementor-type=\"wp-page\" data-elementor-id=\"67\" class=\"elementor elementor-67\" data-elementor-post-type=\"page\">\n\t\t\t\t\t\t<section class=\"elementor-section elementor-top-section elementor-element elementor-element-822979f elementor-section-height-min-height cs-section-content-fullwidth cs_scroll_y_100 cs-parallax-on-scroll elementor-section-boxed elementor-section-height-default elementor-section-items-middle\" data-id=\"822979f\" data-element_type=\"section\" data-e-type=\"section\" data-settings=\"{&quot;background_background&quot;:&quot;classic&quot;}\" data-cs-parallax-y=\"100\" style=\"background-image: none;\" data-cs-background-image=\"https:\/\/weinhaus-graefen.de\/wp-content\/uploads\/2024\/04\/unzere_zimmer.jpg\" data-cs-background-image-alt-text=\"Zimmer\">\n\t\t\t\t\t\t\t<div class=\"elementor-background-overlay\"><\/div>\n\t\t\t\t\t\t\t<div class=\"elementor-container elementor-column-gap-no\">\n\t\t\t\t\t<div class=\"elementor-column elementor-col-100 elementor-top-column elementor-element elementor-element-7449da9 dark-color\" data-id=\"7449da9\" data-element_type=\"column\" data-e-type=\"column\">\n\t\t\t<div class=\"elementor-widget-wrap elementor-element-populated\">\n\t\t\t\t\t\t<div class=\"elementor-element elementor-element-d988ce7 elementor-widget elementor-widget-cs_title\" data-id=\"d988ce7\" data-element_type=\"widget\" data-e-type=\"widget\" data-widget_type=\"cs_title.default\">\n\t\t\t\t<div class=\"elementor-widget-container\">\n\t\t\t\t\t\n        <div class=\"cs-title-wrap text-center\">\t            <div class=\"cs-subtitle-wrap\"><span class=\"cs-subtitle color-white\">A comfortable retreat<\/span><\/div>\t            <h1 class=\"cs-title\">\n\t                Our rooms\t            <\/h1>        <\/div>\t\t\t\t<\/div>\n\t\t\t\t<\/div>\n\t\t\t\t\t<\/div>\n\t\t<\/div>\n\t\t\t\t\t<\/div>\n\t\t<\/section>\n\t\t\t\t<section class=\"elementor-section elementor-top-section elementor-element elementor-element-1675445 elementor-section-boxed elementor-section-height-default elementor-section-height-default\" data-id=\"1675445\" data-element_type=\"section\" data-e-type=\"section\">\n\t\t\t\t\t\t<div class=\"elementor-container elementor-column-gap-no\">\n\t\t\t\t\t<div class=\"elementor-column elementor-col-100 elementor-top-column elementor-element elementor-element-33fc568\" data-id=\"33fc568\" data-element_type=\"column\" data-e-type=\"column\">\n\t\t\t<div class=\"elementor-widget-wrap elementor-element-populated\">\n\t\t\t\t\t\t<div class=\"elementor-element elementor-element-9692bd6 elementor-widget elementor-widget-cs_title\" data-id=\"9692bd6\" data-element_type=\"widget\" data-e-type=\"widget\" data-widget_type=\"cs_title.default\">\n\t\t\t\t<div class=\"elementor-widget-container\">\n\t\t\t\t\t\n        <div class=\"cs-title-wrap text-center\">\t            <div class=\"cs-subtitle-wrap\"><span class=\"cs-subtitle\">Weinhaus Gr\u00e4fen<\/span><\/div>\t            <h3 class=\"cs-title\">\n\t                Relaxation and recreation in a stylish atmosphere\t            <\/h3>\t            <div class=\"cs-title-text\">\n\t                <p>Each of our rooms has been carefully designed to provide our guests with maximum comfort. From the quality of the bedding to the soft colors and fabrics, every detail has been considered to create a private and cozy setting for a peaceful and restful sleep.<\/p><p>Experience a pleasant stay in our stylish rooms and let yourself be pampered by our first-class service. We look forward to welcoming you soon!<\/p>\t            <\/div>        <\/div>\t\t\t\t<\/div>\n\t\t\t\t<\/div>\n\t\t\t\t<div class=\"elementor-element elementor-element-177b76d elementor-widget__width-auto elementor-widget elementor-widget-cs_button\" data-id=\"177b76d\" data-element_type=\"widget\" data-e-type=\"widget\" data-widget_type=\"cs_button.default\">\n\t\t\t\t<div class=\"elementor-widget-container\">\n\t\t\t\t\t        <a href=\"https:\/\/booking.roomraccoon.de\/weinhaus-graefen\/\" target=\"_blank\" class=\"elementor-button-link button cs-btn-outline\" role=\"button\">\n            <span class=\"cs-btn-text\">Book online<\/span>        <\/a>\t\t\t\t<\/div>\n\t\t\t\t<\/div>\n\t\t\t\t\t<\/div>\n\t\t<\/div>\n\t\t\t\t\t<\/div>\n\t\t<\/section>\n\t\t\t\t<section class=\"elementor-section elementor-top-section elementor-element elementor-element-c3e2cd1 elementor-section-boxed elementor-section-height-default elementor-section-height-default\" data-id=\"c3e2cd1\" data-element_type=\"section\" data-e-type=\"section\">\n\t\t\t\t\t\t<div class=\"elementor-container elementor-column-gap-no\">\n\t\t\t\t\t<div class=\"elementor-column elementor-col-100 elementor-top-column elementor-element elementor-element-6a67a83\" data-id=\"6a67a83\" data-element_type=\"column\" data-e-type=\"column\">\n\t\t\t<div class=\"elementor-widget-wrap elementor-element-populated\">\n\t\t\t\t\t\t<div class=\"elementor-element elementor-element-67c32f8 cs-animation-small-offset elementor-invisible elementor-widget elementor-widget-cs_rooms\" data-id=\"67c32f8\" data-element_type=\"widget\" data-e-type=\"widget\" data-settings=\"{&quot;_animation&quot;:&quot;fadeInUp&quot;,&quot;_animation_delay&quot;:200}\" data-widget_type=\"cs_rooms.default\">\n\t\t\t\t<div class=\"elementor-widget-container\">\n\t\t\t\t\t                    <div class=\"posts cs-rooms cs-rooms-carousel layout-grid slider-arrows-overlap column-2 img-ratio-3-2\" data-loop=\"on\" data-autoplay=\"on\" data-autoplay-speed=\"5000\" data-show-arrows=\"on\" data-show-dots=\"on\" data-column=\"2\">\n                        <div class=\"posts-wrapper cs-rooms-wrapper\">\n    <div class=\"post cs-room-item has-post-thumbnail\">            <div class=\"featured-img\">\n                <a href=\"https:\/\/weinhaus-graefen.de\/en\/room\/dreibettzimmer\/\" aria-label=\"Room Featured Image\"><img fetchpriority=\"high\" decoding=\"async\" width=\"780\" height=\"585\" src=\"https:\/\/weinhaus-graefen.de\/wp-content\/uploads\/2024\/04\/traben_2-780x585.jpg\" class=\"attachment-cozystay_780x9999 size-cozystay_780x9999\" alt=\"Zimmer\" srcset=\"https:\/\/weinhaus-graefen.de\/wp-content\/uploads\/2024\/04\/traben_2-780x585.jpg 780w, https:\/\/weinhaus-graefen.de\/wp-content\/uploads\/2024\/04\/traben_2-300x225.jpg 300w, https:\/\/weinhaus-graefen.de\/wp-content\/uploads\/2024\/04\/traben_2-1024x768.jpg 1024w, https:\/\/weinhaus-graefen.de\/wp-content\/uploads\/2024\/04\/traben_2-768x576.jpg 768w, https:\/\/weinhaus-graefen.de\/wp-content\/uploads\/2024\/04\/traben_2-16x12.jpg 16w, https:\/\/weinhaus-graefen.de\/wp-content\/uploads\/2024\/04\/traben_2-600x450.jpg 600w, https:\/\/weinhaus-graefen.de\/wp-content\/uploads\/2024\/04\/traben_2-550x413.jpg 550w, https:\/\/weinhaus-graefen.de\/wp-content\/uploads\/2024\/04\/traben_2-370x278.jpg 370w, https:\/\/weinhaus-graefen.de\/wp-content\/uploads\/2024\/04\/traben_2-255x191.jpg 255w, https:\/\/weinhaus-graefen.de\/wp-content\/uploads\/2024\/04\/traben_2.jpg 1200w\" sizes=\"(max-width: 780px) 100vw, 780px\" \/>                <\/a>                    <div class=\"overlay-label\">\n                        <div class=\"overlay-label-text\">Ab 180\u20ac \/f\u00fcr 3 Person \/pro Nacht<\/div>\n                    <\/div>            <\/div>\n        <div class=\"post-content cs-room-content\">\n            <header class=\"post-header item-header\">                <h2 class=\"post-title item-title\">\n                    <a href=\"https:\/\/weinhaus-graefen.de\/en\/room\/dreibettzimmer\/\">Triple room<\/a>\n                <\/h2>                    <div class=\"item-subtitle\">18 m\u00b2 \/ Blick auf den Innenhof \/<\/div>            <div class=\"cs-room-basic-info\">\n                <ul>                        <li>\n                            <div class=\"csrbi-icon\"><i class=\"flaticon flaticon-maximize\"><\/i><\/div>                            <span class=\"csrbi-text\">18 m<sup>2<\/sup><\/span>                        <\/li>                        <li>\n                            <div class=\"csrbi-icon\"><i class=\"flaticon flaticon-user-2\"><\/i><\/div>                            <span class=\"csrbi-text\">3 Guests<\/span>                        <\/li>                        <li>\n                            <div class=\"csrbi-icon\"><i class=\"flaticon flaticon-bed-6\"><\/i><\/div>                            <span class=\"csrbi-text\">2 Beds<\/span>                        <\/li>                        <li>\n                            <div class=\"csrbi-icon\"><i class=\"flaticon flaticon-bathing\"><\/i><\/div>                            <span class=\"csrbi-text\">1 Bathrooms<\/span>                        <\/li>                <\/ul>\n            <\/div>            <\/header>                <div class=\"post-excerpt item-excerpt\"><p>The triple rooms can be used as double or triple rooms and are modern and high quality, as well as equipped with a private bathroom, television and free WiFi.<\/p>\n<\/div>                <footer class=\"post-footer item-footer\">\n                    <div class=\"more-btn\">\n                        <a class=\"read-more-btn button cs-btn-underline\" href=\"https:\/\/weinhaus-graefen.de\/en\/room\/dreibettzimmer\/\">\n                            <span>Discover More<\/span>\n                        <\/a>\n                    <\/div>\n                <\/footer>        <\/div>\n    <\/div>\n\n    <div class=\"post cs-room-item has-post-thumbnail\">            <div class=\"featured-img\">\n                <a href=\"https:\/\/weinhaus-graefen.de\/en\/room\/doppelzimmer\/\" aria-label=\"Room Featured Image\"><img decoding=\"async\" width=\"780\" height=\"563\" data-src=\"https:\/\/weinhaus-graefen.de\/wp-content\/uploads\/2024\/04\/doppelzimmer_beilstein_1-780x563.jpg\" class=\"attachment-cozystay_780x9999 size-cozystay_780x9999 lazyload\" alt=\"Zimmer\" data-srcset=\"https:\/\/weinhaus-graefen.de\/wp-content\/uploads\/2024\/04\/doppelzimmer_beilstein_1-780x563.jpg 780w, https:\/\/weinhaus-graefen.de\/wp-content\/uploads\/2024\/04\/doppelzimmer_beilstein_1-300x217.jpg 300w, https:\/\/weinhaus-graefen.de\/wp-content\/uploads\/2024\/04\/doppelzimmer_beilstein_1-1024x739.jpg 1024w, https:\/\/weinhaus-graefen.de\/wp-content\/uploads\/2024\/04\/doppelzimmer_beilstein_1-768x554.jpg 768w, https:\/\/weinhaus-graefen.de\/wp-content\/uploads\/2024\/04\/doppelzimmer_beilstein_1-1536x1109.jpg 1536w, https:\/\/weinhaus-graefen.de\/wp-content\/uploads\/2024\/04\/doppelzimmer_beilstein_1-18x12.jpg 18w, https:\/\/weinhaus-graefen.de\/wp-content\/uploads\/2024\/04\/doppelzimmer_beilstein_1-1440x1040.jpg 1440w, https:\/\/weinhaus-graefen.de\/wp-content\/uploads\/2024\/04\/doppelzimmer_beilstein_1-1200x866.jpg 1200w, https:\/\/weinhaus-graefen.de\/wp-content\/uploads\/2024\/04\/doppelzimmer_beilstein_1-600x433.jpg 600w, https:\/\/weinhaus-graefen.de\/wp-content\/uploads\/2024\/04\/doppelzimmer_beilstein_1-550x397.jpg 550w, https:\/\/weinhaus-graefen.de\/wp-content\/uploads\/2024\/04\/doppelzimmer_beilstein_1-370x267.jpg 370w, https:\/\/weinhaus-graefen.de\/wp-content\/uploads\/2024\/04\/doppelzimmer_beilstein_1-255x184.jpg 255w, https:\/\/weinhaus-graefen.de\/wp-content\/uploads\/2024\/04\/doppelzimmer_beilstein_1.jpg 1920w\" data-sizes=\"(max-width: 780px) 100vw, 780px\" src=\"data:image\/svg+xml;base64,PHN2ZyB3aWR0aD0iMSIgaGVpZ2h0PSIxIiB4bWxucz0iaHR0cDovL3d3dy53My5vcmcvMjAwMC9zdmciPjwvc3ZnPg==\" style=\"--smush-placeholder-width: 780px; --smush-placeholder-aspect-ratio: 780\/563;\" \/>                <\/a>                    <div class=\"overlay-label\">\n                        <div class=\"overlay-label-text\">Ab 140\u20ac \/f\u00fcr 2 Person \/pro Nacht<\/div>\n                    <\/div>            <\/div>\n        <div class=\"post-content cs-room-content\">\n            <header class=\"post-header item-header\">                <h2 class=\"post-title item-title\">\n                    <a href=\"https:\/\/weinhaus-graefen.de\/en\/room\/doppelzimmer\/\">Double room<\/a>\n                <\/h2>                    <div class=\"item-subtitle\">14 m\u00b2 \/ Blick auf den Innenhof \/<\/div>            <div class=\"cs-room-basic-info\">\n                <ul>                        <li>\n                            <div class=\"csrbi-icon\"><i class=\"flaticon flaticon-maximize\"><\/i><\/div>                            <span class=\"csrbi-text\">14 m<sup>2<\/sup><\/span>                        <\/li>                        <li>\n                            <div class=\"csrbi-icon\"><i class=\"flaticon flaticon-user-2\"><\/i><\/div>                            <span class=\"csrbi-text\">2 Guests<\/span>                        <\/li>                        <li>\n                            <div class=\"csrbi-icon\"><i class=\"flaticon flaticon-bed-6\"><\/i><\/div>                            <span class=\"csrbi-text\">1 Beds<\/span>                        <\/li>                        <li>\n                            <div class=\"csrbi-icon\"><i class=\"flaticon flaticon-bathing\"><\/i><\/div>                            <span class=\"csrbi-text\">1 Bathrooms<\/span>                        <\/li>                <\/ul>\n            <\/div>            <\/header>                <div class=\"post-excerpt item-excerpt\"><p>The double rooms are modern and high quality, as well as equipped with a private bathroom, television and free WiFi.<\/p>\n<\/div>                <footer class=\"post-footer item-footer\">\n                    <div class=\"more-btn\">\n                        <a class=\"read-more-btn button cs-btn-underline\" href=\"https:\/\/weinhaus-graefen.de\/en\/room\/doppelzimmer\/\">\n                            <span>Discover More<\/span>\n                        <\/a>\n                    <\/div>\n                <\/footer>        <\/div>\n    <\/div>\n\n    <div class=\"post cs-room-item has-post-thumbnail hide\">            <div class=\"featured-img\">\n                <a href=\"https:\/\/weinhaus-graefen.de\/en\/room\/einzelzimmer\/\" aria-label=\"Room Featured Image\"><img decoding=\"async\" width=\"780\" height=\"1170\" data-src=\"https:\/\/weinhaus-graefen.de\/wp-content\/uploads\/2024\/04\/IMG_0804-780x1170.webp\" class=\"attachment-cozystay_780x9999 size-cozystay_780x9999 lazyload\" alt=\"\" data-srcset=\"https:\/\/weinhaus-graefen.de\/wp-content\/uploads\/2024\/04\/IMG_0804-780x1170.webp 780w, https:\/\/weinhaus-graefen.de\/wp-content\/uploads\/2024\/04\/IMG_0804-200x300.webp 200w, https:\/\/weinhaus-graefen.de\/wp-content\/uploads\/2024\/04\/IMG_0804-683x1024.webp 683w, https:\/\/weinhaus-graefen.de\/wp-content\/uploads\/2024\/04\/IMG_0804-768x1152.webp 768w, https:\/\/weinhaus-graefen.de\/wp-content\/uploads\/2024\/04\/IMG_0804-1024x1536.webp 1024w, https:\/\/weinhaus-graefen.de\/wp-content\/uploads\/2024\/04\/IMG_0804-1365x2048.webp 1365w, https:\/\/weinhaus-graefen.de\/wp-content\/uploads\/2024\/04\/IMG_0804-8x12.webp 8w, https:\/\/weinhaus-graefen.de\/wp-content\/uploads\/2024\/04\/IMG_0804-1920x2880.webp 1920w, https:\/\/weinhaus-graefen.de\/wp-content\/uploads\/2024\/04\/IMG_0804-1440x2160.webp 1440w, https:\/\/weinhaus-graefen.de\/wp-content\/uploads\/2024\/04\/IMG_0804-1200x1800.webp 1200w, https:\/\/weinhaus-graefen.de\/wp-content\/uploads\/2024\/04\/IMG_0804-600x900.webp 600w, https:\/\/weinhaus-graefen.de\/wp-content\/uploads\/2024\/04\/IMG_0804-550x825.webp 550w, https:\/\/weinhaus-graefen.de\/wp-content\/uploads\/2024\/04\/IMG_0804-370x555.webp 370w, https:\/\/weinhaus-graefen.de\/wp-content\/uploads\/2024\/04\/IMG_0804-255x383.webp 255w, https:\/\/weinhaus-graefen.de\/wp-content\/uploads\/2024\/04\/IMG_0804-1320x1980.webp 1320w, https:\/\/weinhaus-graefen.de\/wp-content\/uploads\/2024\/04\/IMG_0804-scaled.webp 1707w\" data-sizes=\"(max-width: 780px) 100vw, 780px\" src=\"data:image\/svg+xml;base64,PHN2ZyB3aWR0aD0iMSIgaGVpZ2h0PSIxIiB4bWxucz0iaHR0cDovL3d3dy53My5vcmcvMjAwMC9zdmciPjwvc3ZnPg==\" style=\"--smush-placeholder-width: 780px; --smush-placeholder-aspect-ratio: 780\/1170;\" \/>                <\/a>                    <div class=\"overlay-label\">\n                        <div class=\"overlay-label-text\">Ab 90\u20ac \/f\u00fcr 1 Person \/pro Nacht<\/div>\n                    <\/div>            <\/div>\n        <div class=\"post-content cs-room-content\">\n            <header class=\"post-header item-header\">                <h2 class=\"post-title item-title\">\n                    <a href=\"https:\/\/weinhaus-graefen.de\/en\/room\/einzelzimmer\/\">Single room<\/a>\n                <\/h2>                    <div class=\"item-subtitle\">10 m\u00b2 \/ Blick auf die Stadt \/ Bergblick <\/div>            <div class=\"cs-room-basic-info\">\n                <ul>                        <li>\n                            <div class=\"csrbi-icon\"><i class=\"flaticon flaticon-maximize\"><\/i><\/div>                            <span class=\"csrbi-text\">10 m<sup>2<\/sup><\/span>                        <\/li>                        <li>\n                            <div class=\"csrbi-icon\"><i class=\"flaticon flaticon-user-2\"><\/i><\/div>                            <span class=\"csrbi-text\">1 Guests<\/span>                        <\/li>                        <li>\n                            <div class=\"csrbi-icon\"><i class=\"flaticon flaticon-bed-6\"><\/i><\/div>                            <span class=\"csrbi-text\">1 Beds<\/span>                        <\/li>                        <li>\n                            <div class=\"csrbi-icon\"><i class=\"flaticon flaticon-bathing\"><\/i><\/div>                            <span class=\"csrbi-text\">1 Bathrooms<\/span>                        <\/li>                <\/ul>\n            <\/div>            <\/header>                <div class=\"post-excerpt item-excerpt\"><p>The Sp\u00e4tburgunder and Dornfelder single rooms are modern and high quality, as well as equipped with their own bathroom, television and free WiFi.<\/p>\n<\/div>                <footer class=\"post-footer item-footer\">\n                    <div class=\"more-btn\">\n                        <a class=\"read-more-btn button cs-btn-underline\" href=\"https:\/\/weinhaus-graefen.de\/en\/room\/einzelzimmer\/\">\n                            <span>Discover More<\/span>\n                        <\/a>\n                    <\/div>\n                <\/footer>        <\/div>\n    <\/div>\n                        <\/div>                    <\/div>\t\t\t\t<\/div>\n\t\t\t\t<\/div>\n\t\t\t\t\t<\/div>\n\t\t<\/div>\n\t\t\t\t\t<\/div>\n\t\t<\/section>\n\t\t\t\t<section class=\"elementor-section elementor-top-section elementor-element elementor-element-c866c78 cs_scroll_y_100 cs-section-content-fullwidth cs-parallax-on-scroll cs-animation-small-offset elementor-section-boxed elementor-section-height-default elementor-section-height-default elementor-invisible\" data-id=\"c866c78\" data-element_type=\"section\" data-e-type=\"section\" data-settings=\"{&quot;background_background&quot;:&quot;classic&quot;,&quot;animation&quot;:&quot;fadeInUp&quot;}\" data-cs-parallax-y=\"100\" style=\"background-image: none;\" data-cs-background-image=\"https:\/\/weinhaus-graefen.de\/wp-content\/uploads\/2024\/04\/unzere_zimmer_footer.jpg\" data-cs-background-image-alt-text=\"Zimmer\">\n\t\t\t\t\t\t\t<div class=\"elementor-background-overlay\"><\/div>\n\t\t\t\t\t\t\t<div class=\"elementor-container elementor-column-gap-no\">\n\t\t\t\t\t<div class=\"elementor-column elementor-col-100 elementor-top-column elementor-element elementor-element-00cf494 dark-color\" data-id=\"00cf494\" data-element_type=\"column\" data-e-type=\"column\">\n\t\t\t<div class=\"elementor-widget-wrap elementor-element-populated\">\n\t\t\t\t\t\t<div class=\"elementor-element elementor-element-f68f567 elementor-widget elementor-widget-cs_title\" data-id=\"f68f567\" data-element_type=\"widget\" data-e-type=\"widget\" data-widget_type=\"cs_title.default\">\n\t\t\t\t<div class=\"elementor-widget-container\">\n\t\t\t\t\t\n        <div class=\"cs-title-wrap text-center\">\t            <div class=\"cs-subtitle-wrap\"><span class=\"cs-subtitle color-white\">Start your day at Weinhaus Gr\u00e4fen<\/span><\/div>\t            <h3 class=\"cs-title\">\n\t                Enjoyment from morning to evening\t            <\/h3>\t            <div class=\"cs-title-text\">\n\t                <p>For cycling and motorcycling guests, we offer a secure garage for a fee so that you can park your vehicles worry-free and concentrate fully on your stay.<\/p>\t            <\/div>        <\/div>\t\t\t\t<\/div>\n\t\t\t\t<\/div>\n\t\t\t\t<section class=\"elementor-section elementor-inner-section elementor-element elementor-element-48c2d34 elementor-section-boxed elementor-section-height-default elementor-section-height-default\" data-id=\"48c2d34\" data-element_type=\"section\" data-e-type=\"section\">\n\t\t\t\t\t\t<div class=\"elementor-container elementor-column-gap-no\">\n\t\t\t\t\t<div class=\"elementor-column elementor-col-50 elementor-inner-column elementor-element elementor-element-905712a\" data-id=\"905712a\" data-element_type=\"column\" data-e-type=\"column\">\n\t\t\t<div class=\"elementor-widget-wrap elementor-element-populated\">\n\t\t\t\t\t\t<div class=\"elementor-element elementor-element-3ef1612 elementor-position-inline-start elementor-widget__width-auto elementor-widget-mobile__width-initial elementor-view-default elementor-mobile-position-block-start elementor-widget elementor-widget-icon-box\" data-id=\"3ef1612\" data-element_type=\"widget\" data-e-type=\"widget\" data-widget_type=\"icon-box.default\">\n\t\t\t\t<div class=\"elementor-widget-container\">\n\t\t\t\t\t\t\t<div class=\"elementor-icon-box-wrapper\">\n\n\t\t\t\t\t\t<div class=\"elementor-icon-box-icon\">\n\t\t\t\t<span  class=\"elementor-icon\">\n\t\t\t\t<svg aria-hidden=\"true\" class=\"e-font-icon-svg e-far-clock\" viewbox=\"0 0 512 512\" xmlns=\"http:\/\/www.w3.org\/2000\/svg\"><path d=\"M256 8C119 8 8 119 8 256s111 248 248 248 248-111 248-248S393 8 256 8zm0 448c-110.5 0-200-89.5-200-200S145.5 56 256 56s200 89.5 200 200-89.5 200-200 200zm61.8-104.4l-84.9-61.7c-3.1-2.3-4.9-5.9-4.9-9.7V116c0-6.6 5.4-12 12-12h32c6.6 0 12 5.4 12 12v141.7l66.8 48.6c5.4 3.9 6.5 11.4 2.6 16.8L334.6 349c-3.9 5.3-11.4 6.5-16.8 2.6z\"><\/path><\/svg>\t\t\t\t<\/span>\n\t\t\t<\/div>\n\t\t\t\n\t\t\t\t\t\t<div class=\"elementor-icon-box-content\">\n\n\t\t\t\t\t\t\t\t\t<div class=\"elementor-icon-box-title\">\n\t\t\t\t\t\t<span  >\n\t\t\t\t\t\t\tAnreise: 14:00 Uhr \u2013 18:00 Uhr\t\t\t\t\t\t<\/span>\n\t\t\t\t\t<\/div>\n\t\t\t\t\n\t\t\t\t\n\t\t\t<\/div>\n\t\t\t\n\t\t<\/div>\n\t\t\t\t\t\t<\/div>\n\t\t\t\t<\/div>\n\t\t\t\t\t<\/div>\n\t\t<\/div>\n\t\t\t\t<div class=\"elementor-column elementor-col-50 elementor-inner-column elementor-element elementor-element-1bc1ab3\" data-id=\"1bc1ab3\" data-element_type=\"column\" data-e-type=\"column\">\n\t\t\t<div class=\"elementor-widget-wrap elementor-element-populated\">\n\t\t\t\t\t\t<div class=\"elementor-element elementor-element-ba169a2 elementor-position-inline-start elementor-widget__width-auto elementor-widget-mobile__width-initial elementor-view-default elementor-mobile-position-block-start elementor-widget elementor-widget-icon-box\" data-id=\"ba169a2\" data-element_type=\"widget\" data-e-type=\"widget\" data-widget_type=\"icon-box.default\">\n\t\t\t\t<div class=\"elementor-widget-container\">\n\t\t\t\t\t\t\t<div class=\"elementor-icon-box-wrapper\">\n\n\t\t\t\t\t\t<div class=\"elementor-icon-box-icon\">\n\t\t\t\t<span  class=\"elementor-icon\">\n\t\t\t\t<svg aria-hidden=\"true\" class=\"e-font-icon-svg e-far-clock\" viewbox=\"0 0 512 512\" xmlns=\"http:\/\/www.w3.org\/2000\/svg\"><path d=\"M256 8C119 8 8 119 8 256s111 248 248 248 248-111 248-248S393 8 256 8zm0 448c-110.5 0-200-89.5-200-200S145.5 56 256 56s200 89.5 200 200-89.5 200-200 200zm61.8-104.4l-84.9-61.7c-3.1-2.3-4.9-5.9-4.9-9.7V116c0-6.6 5.4-12 12-12h32c6.6 0 12 5.4 12 12v141.7l66.8 48.6c5.4 3.9 6.5 11.4 2.6 16.8L334.6 349c-3.9 5.3-11.4 6.5-16.8 2.6z\"><\/path><\/svg>\t\t\t\t<\/span>\n\t\t\t<\/div>\n\t\t\t\n\t\t\t\t\t\t<div class=\"elementor-icon-box-content\">\n\n\t\t\t\t\t\t\t\t\t<div class=\"elementor-icon-box-title\">\n\t\t\t\t\t\t<span  >\n\t\t\t\t\t\t\tDeparture: 8:30 a.m. \u2013 10:00 a.m\t\t\t\t\t\t<\/span>\n\t\t\t\t\t<\/div>\n\t\t\t\t\n\t\t\t\t\n\t\t\t<\/div>\n\t\t\t\n\t\t<\/div>\n\t\t\t\t\t\t<\/div>\n\t\t\t\t<\/div>\n\t\t\t\t\t<\/div>\n\t\t<\/div>\n\t\t\t\t\t<\/div>\n\t\t<\/section>\n\t\t\t\t\t<\/div>\n\t\t<\/div>\n\t\t\t\t\t<\/div>\n\t\t<\/section>\n\t\t\t\t<\/div>","protected":false},"excerpt":{"rendered":"<p>Ein Komfortabler R\u00fcckzugsort Unsere Zimmer Weinhaus Gr\u00e4fen Entspannung und Erholung in stilvoller Atmosph\u00e4re Jedes unserer Zimmer wurde sorgf\u00e4ltig gestaltet, um unseren G\u00e4sten den maximalen Komfort zu bieten. Von der Qualit\u00e4t der Bettw\u00e4sche bis hin zu den sanften Farben und Stoffen wurde jedes Detail ber\u00fccksichtigt, um einen privaten und gem\u00fctlichen Rahmen f\u00fcr einen ruhigen und erholsamen &#8230;<\/p>","protected":false},"author":1,"featured_media":0,"parent":0,"menu_order":0,"comment_status":"closed","ping_status":"closed","template":"template-wide-content.php","meta":{"cozystay_single_page_hide_site_header":"","cozystay_single_page_site_header_source":"","cozystay_single_page_custom_site_header":"0","cozystay_single_page_custom_sticky_site_header":"0","cozystay_single_page_hide_page_title":"on","cozystay_single_page_header_section_size":"","cozystay_single_page_header_background_color":"","cozystay_single_page_header_background_position_x":"center","cozystay_single_page_header_background_position_y":"center","cozystay_single_page_header_background_size":"cover","cozystay_single_page_header_background_repeat":"off","cozystay_single_page_header_background_scroll":"on","cozystay_single_page_header_text_color":"","cozystay_single_page_header_show_breadcrumb":"","cozystay_single_page_site_footer_hide_main":"","cozystay_single_custom_site_footer_main_source":"","cozystay_single_custom_site_footer_main":"0","cozystay_single_page_site_footer_hide_above":"","cozystay_single_custom_site_footer_above_source":"","cozystay_single_custom_site_footer_above":"0","cozystay_single_page_site_footer_hide_instagram":"","cozystay_single_page_site_footer_hide_bottom":"","cozystay_single_custom_mobile_menu_source":"","cozystay_single_custom_mobile_menu":"0","cozystay_single_custom_mobile_menu_animation":"","cozystay_single_custom_mobile_menu_width":"","cozystay_single_custom_mobile_menu_custom_width":375,"footnotes":""},"class_list":["post-67","page","type-page","status-publish","hentry"],"_links":{"self":[{"href":"https:\/\/weinhaus-graefen.de\/en\/wp-json\/wp\/v2\/pages\/67","targetHints":{"allow":["GET"]}}],"collection":[{"href":"https:\/\/weinhaus-graefen.de\/en\/wp-json\/wp\/v2\/pages"}],"about":[{"href":"https:\/\/weinhaus-graefen.de\/en\/wp-json\/wp\/v2\/types\/page"}],"author":[{"embeddable":true,"href":"https:\/\/weinhaus-graefen.de\/en\/wp-json\/wp\/v2\/users\/1"}],"replies":[{"embeddable":true,"href":"https:\/\/weinhaus-graefen.de\/en\/wp-json\/wp\/v2\/comments?post=67"}],"version-history":[{"count":6,"href":"https:\/\/weinhaus-graefen.de\/en\/wp-json\/wp\/v2\/pages\/67\/revisions"}],"predecessor-version":[{"id":2878,"href":"https:\/\/weinhaus-graefen.de\/en\/wp-json\/wp\/v2\/pages\/67\/revisions\/2878"}],"wp:attachment":[{"href":"https:\/\/weinhaus-graefen.de\/en\/wp-json\/wp\/v2\/media?parent=67"}],"curies":[{"name":"wp","href":"https:\/\/api.w.org\/{rel}","templated":true}]}}