{"id":73,"date":"2023-03-24T06:54:58","date_gmt":"2023-03-24T06:54:58","guid":{"rendered":"https:\/\/cozystay.loftocean.com\/mountain-chalet\/?page_id=73"},"modified":"2024-04-18T10:45:48","modified_gmt":"2024-04-18T08:45:48","slug":"uber-uns","status":"publish","type":"page","link":"https:\/\/weinhaus-graefen.de\/en\/uber-uns\/","title":{"rendered":"About Us"},"content":{"rendered":"<div data-elementor-type=\"wp-page\" data-elementor-id=\"73\" class=\"elementor elementor-73\" data-elementor-post-type=\"page\">\n\t\t\t\t\t\t<section class=\"elementor-section elementor-top-section elementor-element elementor-element-45a1740b elementor-section-height-min-height cs-section-content-fullwidth cs-parallax-on-scroll cs_scroll_y_100 elementor-section-boxed elementor-section-height-default elementor-section-items-middle\" data-id=\"45a1740b\" data-element_type=\"section\" data-e-type=\"section\" data-settings=\"{&quot;background_background&quot;:&quot;classic&quot;}\" data-cs-parallax-y=\"100\" style=\"background-image: none;\" data-cs-background-image=\"https:\/\/weinhaus-graefen.de\/wp-content\/uploads\/2024\/04\/bar_home.jpg\" data-cs-background-image-alt-text=\"Bar\">\n\t\t\t\t\t\t\t<div class=\"elementor-background-overlay\"><\/div>\n\t\t\t\t\t\t\t<div class=\"elementor-container elementor-column-gap-no\">\n\t\t\t\t\t<div class=\"elementor-column elementor-col-100 elementor-top-column elementor-element elementor-element-2da59bf7 dark-color\" data-id=\"2da59bf7\" data-element_type=\"column\" data-e-type=\"column\">\n\t\t\t<div class=\"elementor-widget-wrap elementor-element-populated\">\n\t\t\t\t\t\t<div class=\"elementor-element elementor-element-bb3d88e elementor-widget elementor-widget-cs_title\" data-id=\"bb3d88e\" data-element_type=\"widget\" data-e-type=\"widget\" data-widget_type=\"cs_title.default\">\n\t\t\t\t<div class=\"elementor-widget-container\">\n\t\t\t\t\t\n        <div class=\"cs-title-wrap text-center\">\t            <div class=\"cs-subtitle-wrap\"><span class=\"cs-subtitle color-white\">Your wine house Gr\u00e4fen<\/span><\/div>\t            <h1 class=\"cs-title\">\n\t                Our house\t            <\/h1>\t            <div class=\"cs-title-text\">\n\t                <p>This family-run hotel offers cozy accommodation, a rich breakfast and a restaurant serving regional specialties. It is just a 5-minute walk from Cochem city center.<\/p>\t            <\/div>        <\/div>\t\t\t\t<\/div>\n\t\t\t\t<\/div>\n\t\t\t\t\t<\/div>\n\t\t<\/div>\n\t\t\t\t\t<\/div>\n\t\t<\/section>\n\t\t\t\t<section class=\"elementor-section elementor-top-section elementor-element elementor-element-45e60f74 cs-section-content-fullwidth elementor-section-boxed elementor-section-height-default elementor-section-height-default\" data-id=\"45e60f74\" data-element_type=\"section\" data-e-type=\"section\">\n\t\t\t\t\t\t<div class=\"elementor-container elementor-column-gap-no\">\n\t\t\t\t\t<div class=\"elementor-column elementor-col-100 elementor-top-column elementor-element elementor-element-12d88af2\" data-id=\"12d88af2\" data-element_type=\"column\" data-e-type=\"column\">\n\t\t\t<div class=\"elementor-widget-wrap elementor-element-populated\">\n\t\t\t\t\t\t<div class=\"elementor-element elementor-element-3cc8d09a elementor-widget elementor-widget-cs_title\" data-id=\"3cc8d09a\" data-element_type=\"widget\" data-e-type=\"widget\" data-widget_type=\"cs_title.default\">\n\t\t\t\t<div class=\"elementor-widget-container\">\n\t\t\t\t\t\n        <div class=\"cs-title-wrap text-center\">\t            <div class=\"cs-subtitle-wrap\"><span class=\"cs-subtitle\">Restaurant - Hotel - Pension - Cafe<\/span><\/div>\t            <h3 class=\"cs-title\">\n\t                Cozy accommodation, rich breakfast and regional specialties\t            <\/h3>\t            <div class=\"cs-title-text\">\n\t                <p>Welcome to Weinhaus Gr\u00e4fen, a family-run hotel that offers you cozy accommodation, a rich breakfast and a restaurant with delicious regional specialties. Just a 5-minute walk from Cochem city center, we are the perfect starting point for your explorations.<\/p>\t            <\/div>        <\/div>\t\t\t\t<\/div>\n\t\t\t\t<\/div>\n\t\t\t\t\t<\/div>\n\t\t<\/div>\n\t\t\t\t\t<\/div>\n\t\t<\/section>\n\t\t\t\t<section class=\"elementor-section elementor-top-section elementor-element elementor-element-5afa2eba elementor-section-boxed elementor-section-height-default elementor-section-height-default\" data-id=\"5afa2eba\" data-element_type=\"section\" data-e-type=\"section\" data-settings=\"{&quot;background_background&quot;:&quot;classic&quot;}\">\n\t\t\t\t\t\t<div class=\"elementor-container elementor-column-gap-no\">\n\t\t\t\t\t<div class=\"elementor-column elementor-col-50 elementor-top-column elementor-element elementor-element-54fad69\" data-id=\"54fad69\" data-element_type=\"column\" data-e-type=\"column\">\n\t\t\t<div class=\"elementor-widget-wrap elementor-element-populated\">\n\t\t\t\t\t\t<div class=\"elementor-element elementor-element-22285ba7 elementor-widget elementor-widget-image\" data-id=\"22285ba7\" data-element_type=\"widget\" data-e-type=\"widget\" data-widget_type=\"image.default\">\n\t\t\t\t<div class=\"elementor-widget-container\">\n\t\t\t\t\t\t\t\t\t\t\t\t\t\t\t<img fetchpriority=\"high\" decoding=\"async\" width=\"596\" height=\"440\" src=\"https:\/\/weinhaus-graefen.de\/wp-content\/uploads\/2024\/04\/Weinhaus.jpg\" class=\"attachment-large size-large wp-image-2487\" alt=\"Weinhaus Gr\u00e4fen\" srcset=\"https:\/\/weinhaus-graefen.de\/wp-content\/uploads\/2024\/04\/Weinhaus.jpg 596w, https:\/\/weinhaus-graefen.de\/wp-content\/uploads\/2024\/04\/Weinhaus-300x221.jpg 300w, https:\/\/weinhaus-graefen.de\/wp-content\/uploads\/2024\/04\/Weinhaus-16x12.jpg 16w, https:\/\/weinhaus-graefen.de\/wp-content\/uploads\/2024\/04\/Weinhaus-550x406.jpg 550w, https:\/\/weinhaus-graefen.de\/wp-content\/uploads\/2024\/04\/Weinhaus-370x273.jpg 370w, https:\/\/weinhaus-graefen.de\/wp-content\/uploads\/2024\/04\/Weinhaus-255x188.jpg 255w\" sizes=\"(max-width: 596px) 100vw, 596px\" \/>\t\t\t\t\t\t\t\t\t\t\t\t\t\t\t<\/div>\n\t\t\t\t<\/div>\n\t\t\t\t\t<\/div>\n\t\t<\/div>\n\t\t\t\t<div class=\"elementor-column elementor-col-50 elementor-top-column elementor-element elementor-element-103d48ca\" data-id=\"103d48ca\" data-element_type=\"column\" data-e-type=\"column\">\n\t\t\t<div class=\"elementor-widget-wrap elementor-element-populated\">\n\t\t\t\t\t\t<div class=\"elementor-element elementor-element-272acbf4 elementor-widget elementor-widget-cs_title\" data-id=\"272acbf4\" data-element_type=\"widget\" data-e-type=\"widget\" data-widget_type=\"cs_title.default\">\n\t\t\t\t<div class=\"elementor-widget-container\">\n\t\t\t\t\t\n        <div class=\"cs-title-wrap\">\t            <div class=\"cs-subtitle-wrap\"><span class=\"cs-subtitle\">Business owner: Haynalka Vatlav<\/span><\/div>\t            <h6 class=\"cs-title\">\n\t                Meet us and our guests\t            <\/h6>\t            <div class=\"cs-title-text\">\n\t                <p>Since July 1, 2009, we, the Vatlav family, have taken over the Weinhaus Gr\u00e4fen in Cochem. With the change came a change: future meets tradition!<\/p><p>Our core values reflect what is really important to us as a company and group of people: culinary delights, conversation and a special atmosphere. Whether in the cozy restaurant with a glass of Moselle Riesling or on the terrace with sunshine, coffee and homemade cake - with us you can enjoy life at its best!<\/p>\t            <\/div>        <\/div>\t\t\t\t<\/div>\n\t\t\t\t<\/div>\n\t\t\t\t\t<\/div>\n\t\t<\/div>\n\t\t\t\t\t<\/div>\n\t\t<\/section>\n\t\t\t\t<section class=\"elementor-section elementor-top-section elementor-element elementor-element-71aab1c cs-section-content-fullwidth elementor-section-boxed elementor-section-height-default elementor-section-height-default\" data-id=\"71aab1c\" data-element_type=\"section\" data-e-type=\"section\" data-settings=\"{&quot;background_background&quot;:&quot;classic&quot;}\">\n\t\t\t\t\t\t<div class=\"elementor-container elementor-column-gap-no\">\n\t\t\t\t\t<div class=\"elementor-column elementor-col-100 elementor-top-column elementor-element elementor-element-a6e9145\" data-id=\"a6e9145\" data-element_type=\"column\" data-e-type=\"column\">\n\t\t\t<div class=\"elementor-widget-wrap elementor-element-populated\">\n\t\t\t\t\t\t<div class=\"elementor-element elementor-element-fec7885 elementor-widget elementor-widget-cs_title\" data-id=\"fec7885\" data-element_type=\"widget\" data-e-type=\"widget\" data-widget_type=\"cs_title.default\">\n\t\t\t\t<div class=\"elementor-widget-container\">\n\t\t\t\t\t\n        <div class=\"cs-title-wrap text-center\">\t            <div class=\"cs-subtitle-wrap\"><span class=\"cs-subtitle\">Furnishing<\/span><\/div>\t            <h3 class=\"cs-title\">\n\t                Our service for you\t            <\/h3>\t            <div class=\"cs-title-text\">\n\t                <p>Beautiful, tastefully decorated hotel with a rich breakfast and a casual bar, as well as a restaurant and terrace.<\/p>\t            <\/div>        <\/div>\t\t\t\t<\/div>\n\t\t\t\t<\/div>\n\t\t\t\t<div class=\"elementor-element elementor-element-03cab6b elementor-widget elementor-widget-cs_info_box\" data-id=\"03cab6b\" data-element_type=\"widget\" data-e-type=\"widget\" data-widget_type=\"cs_info_box.default\">\n\t\t\t\t<div class=\"elementor-widget-container\">\n\t\t\t\t\t\n\t\t\t<div class=\"cs-info-box column-3 valign-top img-left tablet-column-1\">\n                <div class=\"cs-info-box-wrap\">                    <div class=\"cs-info-box-item elementor-repeater-item-0a01fb1\">\n                    \t<div class=\"cs-item-container\">\t                        <div class=\"cs-info-box-img\"><i aria-hidden=\"true\" class=\"flaticon flaticon-wifi-connection\"><\/i>\t                        <\/div>\t                        <div class=\"cs-info-box-content\">\n\t                            <h5 class=\"cs-title cs-info-box-title\">WiFi and internet\t\t\t\t\t\t\t\t<\/h5>\t                            \t<div class=\"cs-info-box-text\"><p>Free internet access throughout the area<\/p><\/div>\t                        <\/div>\t                    <\/div>\n                    <\/div>                    <div class=\"cs-info-box-item elementor-repeater-item-cccff81\">\n                    \t<div class=\"cs-item-container\">\t                        <div class=\"cs-info-box-img\"><i aria-hidden=\"true\" class=\"flaticon flaticon-television\"><\/i>\t                        <\/div>\t                        <div class=\"cs-info-box-content\">\n\t                            <h5 class=\"cs-title cs-info-box-title\">TV\t\t\t\t\t\t\t\t<\/h5>\t                            \t<div class=\"cs-info-box-text\"><p>Cable television and modern television in every room<\/p><\/div>\t                        <\/div>\t                    <\/div>\n                    <\/div>                    <div class=\"cs-info-box-item elementor-repeater-item-6c33aa7\">\n                    \t<div class=\"cs-item-container\">\t                        <div class=\"cs-info-box-img\"><i aria-hidden=\"true\" class=\"flaticon flaticon-shower-1\"><\/i>\t                        <\/div>\t                        <div class=\"cs-info-box-content\">\n\t                            <h5 class=\"cs-title cs-info-box-title\">Bathroom\t\t\t\t\t\t\t\t<\/h5>\t                            \t<div class=\"cs-info-box-text\"><p>Each room has its own shower room<\/p><\/div>\t                        <\/div>\t                    <\/div>\n                    <\/div>                    <div class=\"cs-info-box-item elementor-repeater-item-bb40a8b\">\n                    \t<div class=\"cs-item-container\">\t                        <div class=\"cs-info-box-img\"><i aria-hidden=\"true\" class=\"flaticon flaticon-parking-1\"><\/i>\t                        <\/div>\t                        <div class=\"cs-info-box-content\">\n\t                            <h5 class=\"cs-title cs-info-box-title\">Paid parking\t\t\t\t\t\t\t\t<\/h5>\t                            \t<div class=\"cs-info-box-text\"><p>Available parking spaces for our customers<\/p><\/div>\t                        <\/div>\t                    <\/div>\n                    <\/div>                    <div class=\"cs-info-box-item elementor-repeater-item-55da29c\">\n                    \t<div class=\"cs-item-container\">\t                        <div class=\"cs-info-box-img\"><i aria-hidden=\"true\" class=\"flaticon flaticon-hair-dryer\"><\/i>\t                        <\/div>\t                        <div class=\"cs-info-box-content\">\n\t                            <h5 class=\"cs-title cs-info-box-title\">Hairdryer\t\t\t\t\t\t\t\t<\/h5>\t                            \t<div class=\"cs-info-box-text\"><p>Hairdryer and other toiletries in every room<\/p><\/div>\t                        <\/div>\t                    <\/div>\n                    <\/div>                    <div class=\"cs-info-box-item elementor-repeater-item-f41bbb4\">\n                    \t<div class=\"cs-item-container\">\t                        <div class=\"cs-info-box-img\"><i aria-hidden=\"true\" class=\"flaticon flaticon-win\"><\/i>\t                        <\/div>\t                        <div class=\"cs-info-box-content\">\n\t                            <h5 class=\"cs-title cs-info-box-title\">Child friendly\t\t\t\t\t\t\t\t<\/h5>\t                            \t<div class=\"cs-info-box-text\"><p>Cots and baby food are available<\/p><\/div>\t                        <\/div>\t                    <\/div>\n                    <\/div>\t\t\t\t<\/div>\n\t\t\t<\/div>\t\t\t\t<\/div>\n\t\t\t\t<\/div>\n\t\t\t\t\t<\/div>\n\t\t<\/div>\n\t\t\t\t\t<\/div>\n\t\t<\/section>\n\t\t\t\t<section class=\"elementor-section elementor-top-section elementor-element elementor-element-c36820c elementor-section-full_width elementor-section-height-default elementor-section-height-default elementor-invisible\" data-id=\"c36820c\" data-element_type=\"section\" data-e-type=\"section\" data-settings=\"{&quot;animation&quot;:&quot;fadeIn&quot;,&quot;animation_delay&quot;:200}\">\n\t\t\t\t\t\t<div class=\"elementor-container elementor-column-gap-no\">\n\t\t\t\t\t<div class=\"elementor-column elementor-col-33 elementor-top-column elementor-element elementor-element-945223b\" data-id=\"945223b\" data-element_type=\"column\" data-e-type=\"column\" data-settings=\"{&quot;background_background&quot;:&quot;classic&quot;}\">\n\t\t\t<div class=\"elementor-widget-wrap elementor-element-populated\">\n\t\t\t\t\t\t<section class=\"elementor-section elementor-inner-section elementor-element elementor-element-1d593bd elementor-section-height-min-height elementor-section-content-middle elementor-section-boxed elementor-section-height-default\" data-id=\"1d593bd\" data-element_type=\"section\" data-e-type=\"section\">\n\t\t\t\t\t\t<div class=\"elementor-container elementor-column-gap-no\">\n\t\t\t\t\t<div class=\"elementor-column elementor-col-100 elementor-inner-column elementor-element elementor-element-b8ce96b\" data-id=\"b8ce96b\" data-element_type=\"column\" data-e-type=\"column\">\n\t\t\t<div class=\"elementor-widget-wrap elementor-element-populated\">\n\t\t\t\t\t\t<div class=\"elementor-element elementor-element-f71b194 elementor-widget elementor-widget-cs_title\" data-id=\"f71b194\" data-element_type=\"widget\" data-e-type=\"widget\" data-widget_type=\"cs_title.default\">\n\t\t\t\t<div class=\"elementor-widget-container\">\n\t\t\t\t\t\n        <div class=\"cs-title-wrap text-center\">\t            <div class=\"cs-subtitle-wrap\"><span class=\"cs-subtitle\">Gastronomy<\/span><\/div>\t            <h6 class=\"cs-title\">\n\t                Restaurants and cafes\t            <\/h6>\t            <div class=\"cs-title-text\">\n\t                <p>Experience the charm of traditional cuisine in our cozy ambience.<\/p>\t            <\/div>                <div class=\"cs-title-btn\">\n                    <a class=\"button elementor-button-link cs-btn-underline\" role=\"button\" href=\"https:\/\/weinhaus-graefen.de\/en\/restaurant\/\">\n                        <span class=\"cs-btn-text\">Discover more<\/span>                    <\/a>\n                <\/div>\n                    <\/div>\t\t\t\t<\/div>\n\t\t\t\t<\/div>\n\t\t\t\t\t<\/div>\n\t\t<\/div>\n\t\t\t\t\t<\/div>\n\t\t<\/section>\n\t\t\t\t<section class=\"elementor-section elementor-inner-section elementor-element elementor-element-9d554ad elementor-section-height-min-height elementor-section-content-middle elementor-section-boxed elementor-section-height-default\" data-id=\"9d554ad\" data-element_type=\"section\" data-e-type=\"section\" data-settings=\"{&quot;background_background&quot;:&quot;classic&quot;}\">\n\t\t\t\t\t\t<div class=\"elementor-container elementor-column-gap-no\">\n\t\t\t\t\t<div class=\"elementor-column elementor-col-100 elementor-inner-column elementor-element elementor-element-8c51dc5\" data-id=\"8c51dc5\" data-element_type=\"column\" data-e-type=\"column\">\n\t\t\t<div class=\"elementor-widget-wrap\">\n\t\t\t\t\t\t\t<\/div>\n\t\t<\/div>\n\t\t\t\t\t<\/div>\n\t\t<\/section>\n\t\t\t\t\t<\/div>\n\t\t<\/div>\n\t\t\t\t<div class=\"elementor-column elementor-col-33 elementor-top-column elementor-element elementor-element-cb4bb15 dark-color\" data-id=\"cb4bb15\" data-element_type=\"column\" data-e-type=\"column\" data-settings=\"{&quot;background_background&quot;:&quot;classic&quot;}\">\n\t\t\t<div class=\"elementor-widget-wrap elementor-element-populated\">\n\t\t\t\t\t<div class=\"elementor-background-overlay\"><\/div>\n\t\t\t\t\t\t<div class=\"elementor-element elementor-element-ef7237c elementor-widget elementor-widget-cs_title\" data-id=\"ef7237c\" data-element_type=\"widget\" data-e-type=\"widget\" data-widget_type=\"cs_title.default\">\n\t\t\t\t<div class=\"elementor-widget-container\">\n\t\t\t\t\t\n        <div class=\"cs-title-wrap text-center\">\t            <div class=\"cs-subtitle-wrap\"><span class=\"cs-subtitle color-white\">Accommodation<\/span><\/div>\t            <h4 class=\"cs-title\">\n\t                Hotel\t            <\/h4>\t            <div class=\"cs-title-text\">\n\t                <p>Our house has 8 double rooms, 4 triple rooms and 2 single rooms available for overnight guests.<\/p>\t            <\/div>                <div class=\"cs-title-btn\">\n                    <a class=\"button elementor-button-link cs-btn-underline\" role=\"button\" href=\"https:\/\/weinhaus-graefen.de\/en\/zimmer\/\">\n                        <span class=\"cs-btn-text\">Discover more<\/span>                    <\/a>\n                <\/div>\n                    <\/div>\t\t\t\t<\/div>\n\t\t\t\t<\/div>\n\t\t\t\t\t<\/div>\n\t\t<\/div>\n\t\t\t\t<div class=\"elementor-column elementor-col-33 elementor-top-column elementor-element elementor-element-9daa1df\" data-id=\"9daa1df\" data-element_type=\"column\" data-e-type=\"column\" data-settings=\"{&quot;background_background&quot;:&quot;classic&quot;}\">\n\t\t\t<div class=\"elementor-widget-wrap elementor-element-populated\">\n\t\t\t\t\t\t<section class=\"elementor-section elementor-inner-section elementor-element elementor-element-355fb75 elementor-section-height-min-height elementor-section-content-middle elementor-section-boxed elementor-section-height-default\" data-id=\"355fb75\" data-element_type=\"section\" data-e-type=\"section\">\n\t\t\t\t\t\t<div class=\"elementor-container elementor-column-gap-no\">\n\t\t\t\t\t<div class=\"elementor-column elementor-col-100 elementor-inner-column elementor-element elementor-element-8d33623\" data-id=\"8d33623\" data-element_type=\"column\" data-e-type=\"column\">\n\t\t\t<div class=\"elementor-widget-wrap elementor-element-populated\">\n\t\t\t\t\t\t<div class=\"elementor-element elementor-element-786eea9 elementor-widget elementor-widget-cs_title\" data-id=\"786eea9\" data-element_type=\"widget\" data-e-type=\"widget\" data-widget_type=\"cs_title.default\">\n\t\t\t\t<div class=\"elementor-widget-container\">\n\t\t\t\t\t\n        <div class=\"cs-title-wrap text-center\">\t            <div class=\"cs-subtitle-wrap\"><span class=\"cs-subtitle\">Explore the mountains<\/span><\/div>\t            <h6 class=\"cs-title\">\n\t                Offer\t            <\/h6>\t            <div class=\"cs-title-text\">\n\t                <p>A tailor-made list, always in line with the spirit of the Weinhaus Gr\u00e4fen.<\/p>\t            <\/div>                <div class=\"cs-title-btn\">\n                    <a class=\"button elementor-button-link cs-btn-underline\" role=\"button\" href=\"https:\/\/weinhaus-graefen.de\/en\/angebote\/\">\n                        <span class=\"cs-btn-text\">Discover more<\/span>                    <\/a>\n                <\/div>\n                    <\/div>\t\t\t\t<\/div>\n\t\t\t\t<\/div>\n\t\t\t\t\t<\/div>\n\t\t<\/div>\n\t\t\t\t\t<\/div>\n\t\t<\/section>\n\t\t\t\t<section class=\"elementor-section elementor-inner-section elementor-element elementor-element-8494867 elementor-section-height-min-height elementor-section-content-middle elementor-section-boxed elementor-section-height-default\" data-id=\"8494867\" data-element_type=\"section\" data-e-type=\"section\" data-settings=\"{&quot;background_background&quot;:&quot;classic&quot;}\">\n\t\t\t\t\t\t<div class=\"elementor-container elementor-column-gap-no\">\n\t\t\t\t\t<div class=\"elementor-column elementor-col-100 elementor-inner-column elementor-element elementor-element-82eeb4b\" data-id=\"82eeb4b\" data-element_type=\"column\" data-e-type=\"column\">\n\t\t\t<div class=\"elementor-widget-wrap\">\n\t\t\t\t\t\t\t<\/div>\n\t\t<\/div>\n\t\t\t\t\t<\/div>\n\t\t<\/section>\n\t\t\t\t\t<\/div>\n\t\t<\/div>\n\t\t\t\t\t<\/div>\n\t\t<\/section>\n\t\t\t\t<\/div>","protected":false},"excerpt":{"rendered":"<p>Ihr Weinhaus Gr\u00e4fen Unser Haus Dieses familiengef\u00fchrte Hotel empf\u00e4ngt Sie mit gem\u00fctlichen Unterk\u00fcnften, einem reichhaltigem Fr\u00fchst\u00fcck und einem Restaurant mit regionalen Spezialit\u00e4ten. Sie wohnen nur 5 Gehminuten vom Stadtzentrum von Cochem entfernt. Restaurant &#8211; Hotel &#8211; Pension &#8211; Cafe Gem\u00fctliche Unterk\u00fcnfte, reichhaltiges Fr\u00fchst\u00fcck und regionale Spezialit\u00e4ten Willkommen im Weinhaus Gr\u00e4fen, einem familiengef\u00fchrten Hotel, das Ihnen &#8230;<\/p>","protected":false},"author":1,"featured_media":2490,"parent":0,"menu_order":0,"comment_status":"closed","ping_status":"closed","template":"template-wide-content.php","meta":{"cozystay_single_page_hide_site_header":"","cozystay_single_page_site_header_source":"","cozystay_single_page_custom_site_header":"0","cozystay_single_page_custom_sticky_site_header":"0","cozystay_single_page_hide_page_title":"on","cozystay_single_page_header_section_size":"","cozystay_single_page_header_background_color":"","cozystay_single_page_header_background_position_x":"center","cozystay_single_page_header_background_position_y":"center","cozystay_single_page_header_background_size":"cover","cozystay_single_page_header_background_repeat":"off","cozystay_single_page_header_background_scroll":"on","cozystay_single_page_header_text_color":"","cozystay_single_page_header_show_breadcrumb":"","cozystay_single_page_site_footer_hide_main":"","cozystay_single_custom_site_footer_main_source":"","cozystay_single_custom_site_footer_main":"0","cozystay_single_page_site_footer_hide_above":"","cozystay_single_custom_site_footer_above_source":"","cozystay_single_custom_site_footer_above":"0","cozystay_single_page_site_footer_hide_instagram":"","cozystay_single_page_site_footer_hide_bottom":"","cozystay_single_custom_mobile_menu_source":"","cozystay_single_custom_mobile_menu":"0","cozystay_single_custom_mobile_menu_animation":"","cozystay_single_custom_mobile_menu_width":"","cozystay_single_custom_mobile_menu_custom_width":375,"footnotes":""},"class_list":["post-73","page","type-page","status-publish","has-post-thumbnail","hentry"],"_links":{"self":[{"href":"https:\/\/weinhaus-graefen.de\/en\/wp-json\/wp\/v2\/pages\/73","targetHints":{"allow":["GET"]}}],"collection":[{"href":"https:\/\/weinhaus-graefen.de\/en\/wp-json\/wp\/v2\/pages"}],"about":[{"href":"https:\/\/weinhaus-graefen.de\/en\/wp-json\/wp\/v2\/types\/page"}],"author":[{"embeddable":true,"href":"https:\/\/weinhaus-graefen.de\/en\/wp-json\/wp\/v2\/users\/1"}],"replies":[{"embeddable":true,"href":"https:\/\/weinhaus-graefen.de\/en\/wp-json\/wp\/v2\/comments?post=73"}],"version-history":[{"count":0,"href":"https:\/\/weinhaus-graefen.de\/en\/wp-json\/wp\/v2\/pages\/73\/revisions"}],"wp:featuredmedia":[{"embeddable":true,"href":"https:\/\/weinhaus-graefen.de\/en\/wp-json\/wp\/v2\/media\/2490"}],"wp:attachment":[{"href":"https:\/\/weinhaus-graefen.de\/en\/wp-json\/wp\/v2\/media?parent=73"}],"curies":[{"name":"wp","href":"https:\/\/api.w.org\/{rel}","templated":true}]}}